{"id":13,"date":"2013-07-15T22:33:41","date_gmt":"2013-07-15T22:33:41","guid":{"rendered":"http:\/\/www.minnareshin.com\/?page_id=13"},"modified":"2014-06-05T01:45:18","modified_gmt":"2014-06-05T01:45:18","slug":"bienvenue","status":"publish","type":"page","link":"https:\/\/www.minnareshin.com\/fr\/bienvenue\/","title":{"rendered":"Bienvenue"},"content":{"rendered":"<p><img loading=\"lazy\" decoding=\"async\" class=\"alignleft\" style=\"font-size: 1rem; line-height: 1; width: 200px; height: 300px;\" title=\"Minna Re Shin\" alt=\"Minna Re Shin\" src=\"\/wp-content\/uploads\/2013\/07\/_d_improd_\/minna_welcome_f_improf_200x300.jpg\" width=\"200\" height=\"300\" data-mce-width=\"200\" data-mce-height=\"300\" \/>Je vous souhaite la bienvenue sur mon site Web officiel. Pianiste de concert, passionn\u00e9e d&rsquo;art, mon \u00e2me aventureuse et mon amour de la vie me font cultiver la joie de vivre et le go\u00fbt des bonnes choses. Je fais mien le conseil de Jacques Torres : \u00ab La vie est courte : commencez par le dessert. \u00bb<\/p>\n<p>L&rsquo;un des plaisirs les plus profitables de la vie tient \u00e0 la facult\u00e9 d&rsquo;apprendre, d&rsquo;explorer, d&rsquo;\u00e9prouver et de partager. En tant qu&rsquo;artiste, ma mission est de divertir les gens, d&rsquo;aller vers eux gr\u00e2ce \u00e0 l&rsquo;art musical et de leur toucher le coeur par mes interpr\u00e9tations. Gr\u00e2ce \u00e0 ce site Web, j&rsquo;ai aussi la possibilit\u00e9 de rester en contact avec vous, de partager avec vous mes prestations, mes exp\u00e9riences et mes pens\u00e9es et m\u00eame quelques anecdotes, \u00e0 l&rsquo;occasion. Dans le m\u00eame esprit, je vous invite \u00e0 me faire part de vos pens\u00e9es et de vos remarques.<\/p>\n<p>J&rsquo;ai eu plusieurs fois l&rsquo;occasion et le plaisir, dans plusieurs pays, de croiser des gens de diff\u00e9rents milieux avec qui j&rsquo;ai pu travailler et collaborer; certains d&rsquo;entre eux ont eu une profonde influence sur le cours de ma vie. Durant mes \u00e9tudes, j&rsquo;ai eu l&rsquo;honneur et le privil\u00e8ge de travailler avec de nombreux professeurs, pianistes et artistes, de les consulter et de m&rsquo;enrichir au contact de leurs styles d&rsquo;interpr\u00e9tation, de leurs approches p\u00e9dagogiques et de leurs valeurs esth\u00e9tiques respectifs. L&rsquo;un de mes principaux mentors,\u00a0<a href=\"http:\/\/www.alainlefevre.com\/\">Alain Lef\u00e8vre<\/a>, a eu une grande influence sur ma vie. Il m&rsquo;a inspir\u00e9e et guid\u00e9e, non seulement dans l&rsquo;art du piano, mais aussi dans l&rsquo;\u00e9volution de ma carri\u00e8re.<\/p>\n<p>Du fond du coeur, je tiens \u00e0 vous remercier, vous, mes amis, mes parents, mes anciens professeurs et mentors, mes admirateurs et tous ceux qui croient en moi et en mon talent. Votre appui et vos encouragements m&rsquo;ont donn\u00e9 l&rsquo;\u00e9nergie et la force de poursuivre mon r\u00eave d&rsquo;artiste de la sc\u00e8ne et de continuer \u00e0 faire preuve d&rsquo;audace tout au long de ce merveilleux voyage.<\/p>\n<p>Bonne visite!<\/p>\n<p><img loading=\"lazy\" decoding=\"async\" class=\"noborder\" style=\"font-size: 1rem; line-height: 1; width: 150px; height: 80px;\" title=\"\" alt=\"Minna's signature\" src=\"\/wp-content\/uploads\/2013\/07\/_d_improd_\/signature_f_improf_150x80.png\" width=\"150\" height=\"80\" data-mce-width=\"150\" data-mce-height=\"80\" \/><!--cd988--><!--cd988--><\/p>\n","protected":false},"excerpt":{"rendered":"<p>Je vous souhaite la bienvenue sur mon site Web officiel. Pianiste de concert, passionn\u00e9e d&rsquo;art, mon \u00e2me aventureuse et mon amour de la vie me font cultiver la joie de vivre et le go\u00fbt des bonnes choses. Je fais mien le conseil de Jacques Torres : \u00ab La vie est courte : commencez par le [&hellip;]<\/p>\n","protected":false},"author":3,"featured_media":0,"parent":0,"menu_order":0,"comment_status":"closed","ping_status":"closed","template":"","meta":{"ngg_post_thumbnail":0,"footnotes":""},"class_list":["post-13","page","type-page","status-publish","hentry"],"_links":{"self":[{"href":"https:\/\/www.minnareshin.com\/fr\/wp-json\/wp\/v2\/pages\/13","targetHints":{"allow":["GET"]}}],"collection":[{"href":"https:\/\/www.minnareshin.com\/fr\/wp-json\/wp\/v2\/pages"}],"about":[{"href":"https:\/\/www.minnareshin.com\/fr\/wp-json\/wp\/v2\/types\/page"}],"author":[{"embeddable":true,"href":"https:\/\/www.minnareshin.com\/fr\/wp-json\/wp\/v2\/users\/3"}],"replies":[{"embeddable":true,"href":"https:\/\/www.minnareshin.com\/fr\/wp-json\/wp\/v2\/comments?post=13"}],"version-history":[{"count":5,"href":"https:\/\/www.minnareshin.com\/fr\/wp-json\/wp\/v2\/pages\/13\/revisions"}],"predecessor-version":[{"id":186,"href":"https:\/\/www.minnareshin.com\/fr\/wp-json\/wp\/v2\/pages\/13\/revisions\/186"}],"wp:attachment":[{"href":"https:\/\/www.minnareshin.com\/fr\/wp-json\/wp\/v2\/media?parent=13"}],"curies":[{"name":"wp","href":"https:\/\/api.w.org\/{rel}","templated":true}]}}