{"id":91,"date":"2014-01-16T01:49:56","date_gmt":"2014-01-16T01:49:56","guid":{"rendered":"http:\/\/www.minnareshin.com\/?page_id=91"},"modified":"2023-10-16T16:44:28","modified_gmt":"2023-10-16T20:44:28","slug":"critiques","status":"publish","type":"page","link":"https:\/\/www.minnareshin.com\/fr\/critiques\/","title":{"rendered":"Critiques"},"content":{"rendered":"\r\n<div class=\"wp-block-image size-full wp-image-86\">\r\n<figure class=\"alignright\"><img loading=\"lazy\" decoding=\"async\" width=\"200\" height=\"300\" class=\"wp-image-86\" src=\"http:\/\/www.minnareshin.com\/wp-content\/uploads\/2014\/01\/hands_3s.jpg\" alt=\"Minna's Hands\">\r\n<figcaption>photo : Yves Lacombe<\/figcaption>\r\n<\/figure>\r\n<\/div>\r\n\r\n\r\n<p>\u00ab Minna Re Shin et son grand talent. \u00bb <strong>&#8211;&nbsp;Lazar Berman, pianiste <\/strong><\/p>\r\n\r\n\r\n<p>\u00ab D&rsquo;une po\u00e9sie exquise\u2014une artiste. \u00bb <strong>&#8211;&nbsp;Fran\u00e7oys Bernier, chef d&rsquo;orchestre <\/strong><\/p>\r\n\r\n\r\n<p>\u00ab Entreprise audacieuse que de s&rsquo;attaquer \u00e0 cette grande et p\u00e9rilleuse \u0153uvre [<em>Choral et variations <\/em>de Dutilleux], mais Minna Re Shin en sort gagnante. La dext\u00e9rit\u00e9, le coloris, le sens des formes, toutes ses palettes m&rsquo;am\u00e8nent \u00e0 la m\u00e9riter un grand avenir. \u00bb <strong>&#8211;&nbsp;Fran\u00e7oys Bernier, chef d&rsquo;orchestre <\/strong><\/p>\r\n\r\n\r\n<p>\u00ab La prestation de Shin a \u00e9t\u00e9 impeccable &#8230; et a mis en relief sa grande musicalit\u00e9 ainsi qu&rsquo;une virtuosit\u00e9 sans faille. \u00c0 ces qualit\u00e9s s&rsquo;ajoutent un sens de la sonorit\u00e9 du pianoce qui est rare \u00e0 notre \u00e9poquede m\u00eame qu&rsquo;une vision originale du discours musical. \u00bb <strong>&#8211;&nbsp;Daniel Constantineau, chef d&rsquo;orchestre <\/strong><\/p>\r\n\r\n\r\n<p>\u00ab Minna cr\u00e9e une atmosph\u00e8re si belle dans ma musique\u2014une excellente prestation. \u00bb <strong>&#8211;&nbsp;Jean Coulthard, compositrice <\/strong><\/p>\r\n\r\n\r\n<p>\u00ab Le d\u00e9fi [dans le concerto pour piano no. 2 de Rachmaninoff] \u00e9tait de le rendre \u00e0 la fois transparent et intense. Exactement comme l&rsquo;a fait Minna [Re Shin]. \u00bb <strong>&#8211;&nbsp;Marc David, chef d&rsquo;orchestre <\/strong><\/p>\r\n\r\n\r\n<p>\u00ab Tr\u00e8s belle performance\u2014nature, musicale, sensible. \u00bb <strong>&#8211;&nbsp;Pierre-Max Dubois, compositeur et chef d&rsquo;orchestre <\/strong><\/p>\r\n\r\n\r\n<p>\u00ab Remarquablement dou\u00e9e. Exceptionnel. \u00bb <strong>&#8211;&nbsp;Pierre-Max Dubois, compositeur et chef d&rsquo;orchestre <\/strong><\/p>\r\n\r\n\r\n<p>\u00ab&nbsp;Minna Re Shin se distingue par l&rsquo;originalit\u00e9 de son jeu et son intensit\u00e9 qui donnent vie \u00e0 la musique. (&#8230;) D\u00e8s qu&rsquo;elle para\u00eet sur sc\u00e8ne, elle exsude l&rsquo;assurance et le d\u00e9sir de ravir son auditoire. \u00bb <strong>&#8211;&nbsp;William Dueck, directeur, productions omb\u00fa<\/strong><\/p>\r\n\r\n\r\n<p>\u00ab Minna a cette \u00ab\u00a0\u00e9tincelle\u00a0\u00bb vitale qui la distingue des autres. \u00bb <strong>&#8211;&nbsp;Iwan Edwards, chef de choeur, Orchestre symphonique de Montr\u00e9al<\/strong><\/p>\r\n\r\n\r\n<p>\u00ab Minna Re Shin a beaucoup de talent. \u00bb <strong>&#8211;&nbsp;Denis Gougeon, compositeur <\/strong><\/p>\r\n\r\n\r\n<p>\u00ab un r\u00e9cital de piano des plus fascinants et captivants &#8230; une d\u00e9monstration envo\u00fbtante ponctu\u00e9e de contrastes saisissants o\u00f9 Minna Re Shin se montre d\u00e8s le d\u00e9but en pleine possession de ses dons d&rsquo;interpr\u00e8te cr\u00e9atrice. \u00bb <strong>&#8211;&nbsp;Bengt Hambraeus, compositeur et pr\u00e9c\u00e9dent critique de musique de la Corporation de l&rsquo;\u00e9mission su\u00e9doise <\/strong><\/p>\r\n\r\n\r\n<p>\u00ab&nbsp;L&rsquo;interpr\u00e9tation de Minna Re Shin \u00e9tait d&rsquo;une puissance incroyable, que j&rsquo;ai rarement ressentie chez d&rsquo;autres pianistes (&#8230;) [Elle] a su cr\u00e9er, en les interpr\u00e9tant et en les recr\u00e9ant, dans ce cas, les sources sauvages et dramatiques qui, dans la musique de Chopin, transcendent de beaucoup la sc\u00e8ne. \u00bb <strong>&#8211;&nbsp;Bengt Hambraeus, compositeur et ex-critique musical pour la Radio su\u00e9doise<\/strong><\/p>\r\n\r\n\r\n<p>\u00ab Virtuosit\u00e9 et musicalit\u00e9 exceptionnelles. \u00bb <strong>&#8211;&nbsp;Louise Lebrun, soprano <\/strong><\/p>\r\n\r\n\r\n<div class=\"wp-block-image size-full wp-image-85\">\r\n<figure class=\"alignleft\"><img loading=\"lazy\" decoding=\"async\" width=\"200\" height=\"300\" class=\"wp-image-85\" src=\"http:\/\/www.minnareshin.com\/wp-content\/uploads\/2014\/01\/hands_2s.jpg\" alt=\"Minna's Hands\">\r\n<figcaption>photo : Yves Lacombe<\/figcaption>\r\n<\/figure>\r\n<\/div>\r\n\r\n\r\n<p>\u00ab &#8230; l&rsquo;immense talent de Minna Re Shin, le s\u00e9rieux de son travail, et l&rsquo;intelligence de sa perception musicale. \u00bb <strong>&#8211;&nbsp;Alain Lef\u00e8vre, pianiste <\/strong><\/p>\r\n\r\n\r\n<p>\u00ab Minna Re Shin compte parmi les musiciens les plus accomplis du Canada. N\u00e9e et \u00e9lev\u00e9e \u00e0 Montr\u00e9al, cette jeune femme de talent joue du piano avec tant de ma\u00eetrise technique et de musicalit\u00e9 que ses interpr\u00e9tations semblent \u00e9maner de la pens\u00e9e du compositeur&#8230; sa virtuosit\u00e9 et ses dons musicaux respirent l&rsquo;honn\u00eatet\u00e9 et l&rsquo;aisance, et t\u00e9moignent d&rsquo;une profonde intelligence de l&rsquo;\u0153uvre interpr\u00e9t\u00e9e.\u00bb <strong>&#8211;&nbsp;Andrew MacDonald, compositeur <\/strong><\/p>\r\n\r\n\r\n<p>\u00ab Minna Re Shin a mis au monde mes <em>Trois Ballades<\/em> et <em>Jeu de mains<\/em>, et elle d\u00e9fend ces oeuvres magnifiquement bien. L&rsquo;intensit\u00e9 de son jeu pianistique, sa force de caract\u00e8re, et surtout sa sensibilit\u00e9 font d&rsquo;elle une merveilleuse interpr\u00e8te. Je souhaite que ma musique puisse vivre longtemps \u00e0 travers son coeur tendre et ses doigts d&rsquo;acier. \u00bb <strong>&#8211;&nbsp;Alain Payette, compositeur <\/strong><\/p>\r\n\r\n\r\n<p>\u00ab Je n&rsquo;exag\u00e8re rien en disant que je n&rsquo;ai jamais entendu ma musique [<em>Trois Ballades<\/em> et <em>Jeu de mains<\/em>] jou\u00e9e avec autant de force, d&rsquo;intensit\u00e9 et de sensibilit\u00e9 &#8230; Minna Re Shin a magnifiquement bien jou\u00e9e. \u00bb <strong>&#8211;&nbsp;Alain Payette, compositeur <\/strong><\/p>\r\n\r\n\r\n<p>\u00ab \u00c0 travers mes Pr\u00e9ludes, Minna Re Shin a su mettre une touche tr\u00e8s personnelle et d&rsquo;une grande sensibilit\u00e9, ce qui a eu pour effet de nous \u00e9mouvoir. \u00bb <strong>&#8211;&nbsp;Alain Payette, compositeur <\/strong><\/p>\r\n\r\n\r\n<p>\u00ab&nbsp;Minna Re Shin est une pianiste exceptionnelle dont les prestations sont de niveau mondial. (&#8230;) [Elle est] une artiste dou\u00e9e&nbsp;: technique virtuose, maturit\u00e9 musicale et pr\u00e9sence en sc\u00e8ne. Mlle Shin poss\u00e8de au plus haut degr\u00e9 toutes ces qualit\u00e9s, auxquelles s&rsquo;ajoute un magn\u00e9tisme sp\u00e9cial qui rend ses prestations m\u00e9morables. Son sens de la perfection suscite chez ses auditeurs un rare sentiment de satisfaction. \u00bb <strong>&#8211;&nbsp;Charles Reiner, pianiste <\/strong><\/p>\r\n\r\n\r\n<p>\u00ab Minna Re Shin a un grand talent, elle a une technique excellente, une sonorit\u00e9 excellente; elle est musicale, sensible. \u00bb <strong>&#8211;&nbsp;Robert Savoie, baritone <\/strong><\/p>\r\n\r\n\r\n<p>\u00ab&nbsp;Son jeu est beau et sa musicalit\u00e9 admirable. Son \u00e9nergie et sa prestance plairont \u00e0 coup s\u00fbr \u00e0 tous les auditoires.&nbsp;\u00bb <strong>&#8211;&nbsp;Kerry Stratton, chef d&rsquo;orchestre<\/strong><\/p>\r\n\r\n\r\n<div class=\"wp-block-image size-full wp-image-84\">\r\n<figure class=\"alignright\"><img loading=\"lazy\" decoding=\"async\" width=\"200\" height=\"300\" class=\"wp-image-84\" src=\"http:\/\/www.minnareshin.com\/wp-content\/uploads\/2014\/01\/hands_1s.jpg\" alt=\"Minna's Hands\">\r\n<figcaption>photo : Yves Lacombe<\/figcaption>\r\n<\/figure>\r\n<\/div>\r\n\r\n\r\n<p>\u00ab&nbsp;Minna [Re Shin] s&rsquo;est non seulement r\u00e9v\u00e9l\u00e9e polyvalente quant au style et au r\u00e9pertoire (elle a interpr\u00e9t\u00e9 Chopin et Prokofiev), mais elle nous a plu par sa pr\u00e9sentation personnelle et intime. Dans Chopin particuli\u00e8rement, elle nous a impressionn\u00e9s par son jeu sensible et son phras\u00e9 musical. Son Prokofiev \u00e9tait lui aussi int\u00e9ressant et original, gr\u00e2ce \u00e0 une interpr\u00e9tation marqu\u00e9e par une grande sonorit\u00e9, une technique assur\u00e9e et de la personnalit\u00e9. \u00bb <strong>&#8211;&nbsp;Michael Waters, compositeur<\/strong><\/p>\r\n\r\n\r\n<p>\u00ab&nbsp;Le s\u00e9rieux de son projet, sa grande volont\u00e9 de r\u00e9ussir et sa capacit\u00e9 grandissante \u00e0 traduire ses id\u00e9es dans ses prestations signalent l&rsquo;\u00e9mergence d&rsquo;une jeune artiste exceptionnellement prometteuse.&nbsp;\u00bb <strong>&#8211;&nbsp;Patricia Zander, pianiste<\/strong><\/p>\r\n\r\n\r\n<p>\u00ab&nbsp;&#8230; un r\u00e9cital impressionnant dans lequel Minna Re Shin a d\u00e9montr\u00e9 la s\u00fbret\u00e9 de sa technique et sa personnalit\u00e9 musicale.&nbsp;\u00bb <strong>&#8211;&nbsp;Ireneus Zuk, pianiste<\/strong><\/p>\r\n\r\n\r\n<p>\u00ab Virtuosit\u00e9 et technique impeccable empreinte d&rsquo;\u00e9nergie et de beaucoup de sensibilit\u00e9, Minna Re Shin a su nous faire traverse, au cours de ce concert, toute la gamme des \u00e9motions. La premi\u00e8re partie, plus douce, compos\u00e9e des pi\u00e8ces de Haydn, fut tout de suite suivi de pi\u00e8ces beaucoup plus \u00e9nergiques du compositeur qu\u00e9b\u00e9cois Alain Payette, ce qui compl\u00e9ta \u00e0 ravir ce merveilleux programme. \u00bb <strong>&#8211;&nbsp;Francine Allain, directrice de programmation, Centre culturel de Pr\u00e9vost <\/strong><\/p>\r\n\r\n\r\n<p>\u00ab Minna est l&rsquo;avenir de la Musique. \u00bb <strong>&#8211;&nbsp;Dudley Gibbs, directeur de programme, l&rsquo;Universit\u00e9 de Guelph <\/strong><\/p>\r\n\r\n\r\n<h2 class=\"wp-block-heading\">Critiques de disques :<\/h2>\r\n\r\n\r\n<p>\u00ab Deuxi\u00e8me disque de la pianiste Minna Re Shin, Images &amp; Ballades regroupe des pi\u00e8ces \u00e9crites par deux compositeurs canadiens bien connus, Jean Coulthard et Alain Payette, qui ont ainsi pr\u00eat\u00e9 leur plume \u00e0 l&rsquo;impeccable interpr\u00e9tation de la pianiste. Laur\u00e9ate de nombreux prix, celle-ci s&rsquo;en tire \u00e0 merveille et donne au tout un cachet bien particulier. Les compositions sont modernes et permettent de s&rsquo;\u00e9loigner des lieux communs. Les structures m\u00e9lodiques sont simples et subtiles. On reconna\u00eet ici la marque d&rsquo;un travail soign\u00e9. \u00bb <strong>&#8211;&nbsp;Paroles &amp; Musique <\/strong><\/p>\r\n\r\n\r\n<div class=\"wp-block-image size-medium wp-image-87\">\r\n<figure class=\"alignleft\"><img loading=\"lazy\" decoding=\"async\" width=\"196\" height=\"300\" class=\"wp-image-87\" src=\"http:\/\/www.minnareshin.com\/wp-content\/uploads\/2014\/01\/hands_4s-196x300.jpg\" alt=\"Minna Hands\" srcset=\"https:\/\/www.minnareshin.com\/wp-content\/uploads\/2014\/01\/hands_4s-196x300.jpg 196w, https:\/\/www.minnareshin.com\/wp-content\/uploads\/2014\/01\/hands_4s.jpg 200w\" sizes=\"auto, (max-width: 196px) 100vw, 196px\" \/>\r\n<figcaption>photo : Yves Lacombe<\/figcaption>\r\n<\/figure>\r\n<\/div>\r\n\r\n\r\n<p>\u00ab Une sorte de racisme musical laisse entendre parfois que tous les interpr\u00e8tes asiatiques sont de petites m\u00e9caniques parfaits et sans \u00e2me. Foutaise! \u00c0 preuve, ce beau disque de la Canadienne Minna Re Shin (&#8230;) tout entier consacr\u00e9 \u00e0 des sonates de Haydn. C&rsquo;est un jeu aussi fin que de la dentelle. Les notes y sont, mais avec ce suppl\u00e9ment d&rsquo;\u00e9motion qui fait la diff\u00e9rence. \u00bb <strong>&#8211;&nbsp;Ici Montr\u00e9al <\/strong><\/p>\r\n\r\n\r\n<p>\u00ab Les pianistes Alfred Brendel et Andr\u00e4s Schiff se sont pr\u00eat\u00e9s au jeu avec un \u00e9gal bonheur, surtout pour nous, et c&rsquo;est maintenant au tour de la jeune Montr\u00e9alaise Minna Re Shin. Ces sonates \u00ab r\u00e9v\u00e8lent le caract\u00e8re imaginatif de l&rsquo;\u00e9criture de Haydn \u00bb. Nous lui faisons enti\u00e8rement confiance, puisque cette jeune dame aime son sujet et que c&rsquo;est avec beaucoup de sensibilit\u00e9 et d&rsquo;intelligence qu&rsquo;elle fait son entr\u00e9e dans la cour des grands interpr\u00e8tes. \u00bb <strong>&#8211;&nbsp;Journal de Montr\u00e9al <\/strong><\/p>\r\n\r\n\r\n<p>\u00ab La sonorit\u00e9 est exquise et Minna Re Shin fait preuve d&rsquo;un sens de l&rsquo;\u00e9quilibre tonal, de l&rsquo;articulation et de la pr\u00e9cision contrapuntique irr\u00e9prochable qui fait de cet enregistrement (son CD des Sonates de Haydn) un v\u00e9ritable tr\u00e9sor. \u00bb <strong>&#8211;&nbsp;Andrew MacDonald, compositeur <\/strong><\/p>\r\n\r\n\r\n<p>\u00ab Mme. Shin appartient \u00e0 un tr\u00e8s petit cercle d&rsquo;artistes qui captent l&rsquo;attention de leur auditoire non par la force de leur personnalit\u00e9 ou la brillance de leur technique, mais par la puissance de leur intellect. \u00bb <strong>&#8211;&nbsp;Jim Tuller, m\u00e9lomane<\/strong><\/p>\r\n\r\n\r\n<p>\u00ab Par la force intellectuelle et le caract\u00e8re transformateur de son interpr\u00e9tation, Minna Re Shin a accompli pour Haydn ce que son compatriote Glenn Gould avait fait pour Bach, il y a 49 ans. \u00bb <strong>&#8211;&nbsp;Jim Tuller, m\u00e9lomane <\/strong><\/p>\r\n\r\n\r\n<h2 class=\"wp-block-heading\">Critiques de <strong>courts m\u00e9trage<\/strong>s \/ vid\u00e9os de musique :<\/h2>\r\n\r\n\r\n<p>\u00ab Le film <em>Sonate Tableaux: Mouvement 4<\/em> (de Minna Re Shin) nous \u00e9pate. \u00bb <strong>&#8211;&nbsp;FilmArte Festival <\/strong><\/p>\r\n\r\n\r\n<p>\u00ab [Dans <em>Sonate Tableaux&nbsp;: Mouvement 1<\/em>,] j\u2019ai \u00e9t\u00e9 tr\u00e8s impressionn\u00e9 par la qualit\u00e9 et l\u2019intensit\u00e9 de jeu de Minna Re Shin qui offre une interpr\u00e9tation tr\u00e8s touchante musicalement. Le tout est magnifiquement film\u00e9 et les images sont tr\u00e8s belles. \u00bb <strong><strong>&#8211;&nbsp;Jacques Lacombe, chef d\u2019orchestre <\/strong><\/strong><\/p>\r\n\r\n\r\n<p>\u00ab [Dans <em>Sonate Tableaux&nbsp;: Mouvement 4<\/em>,]le dialogue entre les diff\u00e9rentes formes d\u2019art est tr\u00e8s r\u00e9ussi et donne un contrepoint int\u00e9ressant \u00e0 la magnifique interpr\u00e9tation de Minna Re Shin de cette exigeante partition. Belle po\u00e9sie musicale et visuelle nourrie par une \u00e9tonnante cr\u00e9ativit\u00e9. \u00bb <strong><strong>&#8211;&nbsp;Jacques Lacombe, chef d\u2019orchestre <\/strong><\/strong><\/p>\r\n\r\n\r\n<p>\u00ab (Minna Re Shin) est magnifique et joue superbement! \u00bb <strong><strong>&#8211;&nbsp;Rachel Laurin, compositrice et organiste de concert<\/strong><\/strong><\/p>\r\n\r\n\r\n<p>\u00ab Exquis. (\u2026) La prestation [dans <em>Sonate Tableaux: Mouvement 1<\/em>] est magnifique. Minna Re Shin vous attire et vous restez engag\u00e9 pour tout le film. Le Directeur m\u00e9lange bien les plans du film afin de garder constamment le rhythme de d\u00e9roulement. Excellent son! \u00bb <strong><strong>&#8211;&nbsp;Brian McLane, directeur, The Transparent Film Festivalompositrice et organiste de concert<\/strong><\/strong><\/p>\r\n\r\n\r\n<h2 class=\"wp-block-heading\">Critiques :<\/h2>\r\n\r\n\r\n<p>\u00ab Dynamite au clavier. La pianiste Minna Re Shin \u00e9tonne par son \u00e9nergie et son intensit\u00e9. \u00bb <strong>&#8211;&nbsp;Journal de Pr\u00e9vost <\/strong><\/p>\r\n\r\n\r\n<p>\u00ab L&rsquo;immense habilet\u00e9 de Mme. Minna Re Shin. \u00bb <strong>&#8211;&nbsp;Journal de Pr\u00e9vost <\/strong><\/p>\r\n\r\n\r\n<div class=\"wp-block-image size-full wp-image-83\">\r\n<figure class=\"alignright\"><img loading=\"lazy\" decoding=\"async\" width=\"200\" height=\"300\" class=\"wp-image-83\" src=\"http:\/\/www.minnareshin.com\/wp-content\/uploads\/2014\/01\/N1J1578m.jpg\" alt=\"Minna Re Shin\">\r\n<figcaption>photo : Yves Lacombe<\/figcaption>\r\n<\/figure>\r\n<\/div>\r\n\r\n\r\n<p>\u00ab Minna Re Shin se surpasse de nouveau. \u00bb <strong>&#8211;&nbsp;Journal de Montr\u00e9al <\/strong><\/p>\r\n\r\n\r\n<p>\u00ab Une grande pianiste &#8230; au piano Minna Re Shin d\u00e9borde de dynamisme. Ses auditoires sont fascin\u00e9s autant par sa puissance physique que par son expression artistique. \u00bb <strong>&#8211;&nbsp;Acc\u00e8s Laurentides <\/strong><\/p>\r\n\r\n\r\n<p>\u00ab Minna Re Shin ex\u00e9cute avec une grande pr\u00e9cision et un grand \u00e9clat. \u00bb<\/p>\r\n\r\n\r\n<p>\u00ab La pianiste Minna Re Shin a pr\u00e9sent\u00e9 un programme qui exige beaucoup de courage \u2014 trois sonates de Haydn, deux sonates de Ginastera et les <em>Danzas Argentinas<\/em> du m\u00eame compositeur. (&#8230;) Mme. Shin est une vraie professionnelle (&#8230;) son jeu \u00e9tait aussi formidablement impressionnant. Elle a pour Haydn une affection manifeste, doubl\u00e9e d&rsquo;une grande compr\u00e9hension; les sonates de ce compositeur sont admir\u00e9es par un trop petit groupe d&rsquo;aficonados, dont elle fait \u00e0 l&rsquo;\u00e9vidence partie. Elle en a donn\u00e9 des interpr\u00e9tations souriantes et p\u00e9tillantes, et m\u00eame scintillantes d&rsquo;\u00e9l\u00e9gance. Cette artiste comprend manifestement ce qui distingue Haydn de Mozart; son toucher, son jeu de p\u00e9dale et son phras\u00e9 concourraient \u00e0 souligner cette diff\u00e9rence. Le caract\u00e8re \u00e9tonnamment aventureux des harmoniques de Haydn, son humour fantasque, ses mouvements lents empreints de beaut\u00e9 et d&rsquo;\u00e9l\u00e9vation, et le classicisme de l&rsquo;\u00e9quilibre et des formes, tout cela \u00e9tait bien rendu et du meilleur effet. Abordant, apr\u00e8s l&rsquo;entracte, le ma\u00eetre argentin, cette artiste menue a d\u00e9ploy\u00e9 une force musculaire digne de Mr. Hyde et une \u00e9nergie rappelant le Captain Marvel pour s&rsquo;attaquer \u00e0 ces \u00e9nonc\u00e9s inlassables et denses. Les racines terriennes de cette musique ont \u00e9t\u00e9 expos\u00e9es dans ses puissantes interpr\u00e9tations, qui ont culmin\u00e9, dans les <em>Danzas Argentinas<\/em>, sur un \u00e9clat brillant. (&#8230;) Une jolie valse de Chopin en rappel &#8211; rien de sirupeux toutefois. Mme Shin, en bref, est quelqu&rsquo;un de tr\u00e8s particulier dans le monde du piano actuel. \u00bb <strong>&#8211;&nbsp;University of Waterloo Gazette<\/strong><\/p>\r\n\r\n\r\n<p>\u00ab Dou\u00e9e d&rsquo;une rare sensibilit\u00e9, la virtuose a d\u00e9montr\u00e9 toute la richesse de son talent en s&rsquo;attaquant \u00e0 des pi\u00e8ces exigeantes qu&rsquo;elle a ma\u00eetris\u00e9es avec aisance. Inspir\u00e9e l&rsquo;artiste. Intense. \u00bb <strong>&#8211;&nbsp;La Rel\u00e8ve <\/strong><\/p>\r\n\r\n\r\n<p>\u00ab La jolie f\u00e9e du piano Minna Re Shin a perform\u00e9 \u00e0 la hauteur de sa r\u00e9putation. De Mozart au compositeur qu\u00e9b\u00e9cois Fran\u00e7ois Morel, la concertiste a fait une \u00e9l\u00e9gante d\u00e9monstration de son talent et de sa polyvalence. Tendre et douce dans les pi\u00e8ces romantiques, ells attaque f\u00e9rocement le clavier quand vient le temps d&rsquo;interpr\u00e9ter les pi\u00e8ces contemporaines. Une v\u00e9ritable magicienne! \u00bb <strong>&#8211;&nbsp;La Seigneurie <\/strong><\/p>\r\n\r\n\r\n<p>\u00ab La r\u00e9v\u00e9lation d&rsquo;une jeune pianiste d&rsquo;origine orientale, Minna Re Shin. L&rsquo;articulation est parfaite, mais ce sont surtout les qualit\u00e9s musicales et expressives (&#8230;) qu&rsquo;on admire: musicalit\u00e9, contr\u00f4le, jeu tour \u00e0 tour viril et caressant, dosage nuanc\u00e9 des dynamiques, maturit\u00e9. \u00bb <strong>&#8211;&nbsp;La Presse <\/strong><\/p>\r\n","protected":false},"excerpt":{"rendered":"<p>\u00ab Minna Re Shin et son grand talent. \u00bb &#8211;&nbsp;Lazar Berman, pianiste \u00ab D&rsquo;une po\u00e9sie exquise\u2014une artiste. \u00bb &#8211;&nbsp;Fran\u00e7oys Bernier, chef d&rsquo;orchestre \u00ab Entreprise audacieuse que de s&rsquo;attaquer \u00e0 cette grande et p\u00e9rilleuse \u0153uvre [Choral et variations de Dutilleux], mais Minna Re Shin en sort gagnante. La dext\u00e9rit\u00e9, le coloris, le sens des formes, toutes [&hellip;]<\/p>\n","protected":false},"author":1,"featured_media":0,"parent":0,"menu_order":0,"comment_status":"closed","ping_status":"open","template":"","meta":{"ngg_post_thumbnail":0,"footnotes":""},"class_list":["post-91","page","type-page","status-publish","hentry"],"_links":{"self":[{"href":"https:\/\/www.minnareshin.com\/fr\/wp-json\/wp\/v2\/pages\/91","targetHints":{"allow":["GET"]}}],"collection":[{"href":"https:\/\/www.minnareshin.com\/fr\/wp-json\/wp\/v2\/pages"}],"about":[{"href":"https:\/\/www.minnareshin.com\/fr\/wp-json\/wp\/v2\/types\/page"}],"author":[{"embeddable":true,"href":"https:\/\/www.minnareshin.com\/fr\/wp-json\/wp\/v2\/users\/1"}],"replies":[{"embeddable":true,"href":"https:\/\/www.minnareshin.com\/fr\/wp-json\/wp\/v2\/comments?post=91"}],"version-history":[{"count":12,"href":"https:\/\/www.minnareshin.com\/fr\/wp-json\/wp\/v2\/pages\/91\/revisions"}],"predecessor-version":[{"id":1735,"href":"https:\/\/www.minnareshin.com\/fr\/wp-json\/wp\/v2\/pages\/91\/revisions\/1735"}],"wp:attachment":[{"href":"https:\/\/www.minnareshin.com\/fr\/wp-json\/wp\/v2\/media?parent=91"}],"curies":[{"name":"wp","href":"https:\/\/api.w.org\/{rel}","templated":true}]}}